{"id":5475,"date":"2021-10-01T13:01:38","date_gmt":"2021-10-01T13:01:38","guid":{"rendered":"https:\/\/the7.io\/business-advisors\/?page_id=5475"},"modified":"2023-08-02T20:03:00","modified_gmt":"2023-08-02T18:03:00","slug":"mentions-legales","status":"publish","type":"page","link":"https:\/\/iatechnologies.ad\/fr\/mentions-legales\/","title":{"rendered":"Mentions l\u00e9gales"},"content":{"rendered":"\t\t<div data-elementor-type=\"wp-page\" data-elementor-id=\"5475\" class=\"elementor elementor-5475\" data-elementor-post-type=\"page\">\n\t\t\t\t\t\t\t\t\t<section class=\"elementor-section elementor-top-section elementor-element elementor-element-bc2d4d5 elementor-section-boxed elementor-section-height-default elementor-section-height-default\" data-id=\"bc2d4d5\" data-element_type=\"section\">\n\t\t\t\t\t\t<div class=\"elementor-container elementor-column-gap-default\">\n\t\t\t\t\t<div class=\"elementor-column elementor-col-100 elementor-top-column elementor-element elementor-element-b304e6e\" data-id=\"b304e6e\" data-element_type=\"column\">\n\t\t\t<div class=\"elementor-widget-wrap elementor-element-populated\">\n\t\t\t\t\t\t\t\t<div class=\"elementor-element elementor-element-2befad2 elementor-widget elementor-widget-text-editor\" data-id=\"2befad2\" data-element_type=\"widget\" data-widget_type=\"text-editor.default\">\n\t\t\t\t<div class=\"elementor-widget-container\">\n\t\t\t\t\t\t\t<h2>1 &#8211; \u00c9dition du site<\/h2>\n<p>Il est pr\u00e9cis\u00e9 aux utilisateurs du site internet&nbsp;<strong>https:\/\/iatechnologies.ad<\/strong>&nbsp;l&rsquo;identit\u00e9 des diff\u00e9rents intervenants dans le cadre de sa r\u00e9alisation et de son suivi:<\/p>\n<p><strong>Propri\u00e9taire du site :&nbsp;<\/strong>IaTechnologies SLU&nbsp;&#8211; Contact :&nbsp;<a href=\"https:\/\/iatechnologies.ad\/contact\/\" data-type=\"page\" data-id=\"9987\">formulaire de contact<\/a>&nbsp;&#8211; Adresse :&nbsp;Av. Princep Benlloch 26-30, Ed. Clara Rabassa, 2a planta.&nbsp;AD500 Andorra la Vella &#8211; Andorra&nbsp;<\/p>\n<p><strong>Identification de l&rsquo;entreprise :<\/strong>&nbsp;IaTechnologies SLU&nbsp;au capital social de 3000\u20ac &#8211; NRT :&nbsp;L-714614-N &#8211; Adresse postale :&nbsp;<span style=\"background-color: rgba(255, 255, 255, 0); color: var(--the7-base-color); letter-spacing: var(--the7-base-letter-spacing); text-transform: var(--the7-base-text-transform); word-spacing: normal;\">Av. Princep Benlloch 26-30, Ed. Clara Rabassa, 2a planta.&nbsp;AD500 Andorra la Vella &#8211; Andorra&nbsp;<\/span><\/p>\n<p><strong>Directeur de la publication :&nbsp;<\/strong>IaTechnologies SLU &#8211; Contact :&nbsp;<a href=\"https:\/\/iatechnologies.ad\/contact\/\" data-type=\"page\" data-id=\"9987\">formulaire de contact<\/a><\/p>\n<p><strong>H\u00e9bergeur :<\/strong>&nbsp;EuroDns&nbsp;24 Rue L\u00e9on Laval, 3372 Leudelange, Luxembourg&nbsp;+352 26 37 25 20 0<\/p>\n<p><strong>D\u00e9l\u00e9gu\u00e9 \u00e0 la protection des donn\u00e9es :&nbsp;<\/strong>IaTechnologies SLU&nbsp;&#8211;&nbsp;<a href=\"https:\/\/iatechnologies.ad\/contact\/\" data-type=\"page\" data-id=\"9987\">formulaire de contact<\/a><\/p>\n<p><\/p>\n<h2><span style=\"color: var(--the7-h2-color); letter-spacing: var(--the7-h2-letter-spacing); text-transform: var(--the7-h2-text-transform); word-spacing: var(--the7-h2-word-spacing); background-color: rgba(255, 255, 255, 0);\">2 &#8211; Propri\u00e9t\u00e9 intellectuelle et contrefa\u00e7ons.<\/span><\/h2>\n<p><strong>IaTechnologies SLU<\/strong>&nbsp;est propri\u00e9taire des droits de propri\u00e9t\u00e9 intellectuelle et d\u00e9tient les droits d\u2019usage sur tous les \u00e9l\u00e9ments accessibles sur le site internet, notamment les textes, images, graphismes, logos, vid\u00e9os, architecture, ic\u00f4nes et sons, exceptions faites de certaines images issues de&nbsp;<a href=\"https:\/\/pixabay.com\/\" target=\"_blank\" rel=\"noopener\">https:\/\/pixabay.com\/,<\/a> des ic\u00f4nes de FontAwesome et de&nbsp;<a href=\"https:\/\/www.flaticon.com\/\" target=\"_blank\" rel=\"noopener\">https:\/\/www.flaticon.com\/<\/a><\/p>\n<p>Toute reproduction, repr\u00e9sentation, modification, publication, adaptation de tout ou partie des \u00e9l\u00e9ments du site, quel que soit le moyen ou le proc\u00e9d\u00e9 utilis\u00e9, est interdite, sauf autorisation \u00e9crite pr\u00e9alable de&nbsp;<strong>IaTechnologies SLU<\/strong>.<\/p>\n<p>Toute exploitation non autoris\u00e9e du site ou de l\u2019un quelconque des \u00e9l\u00e9ments qu\u2019il contient sera consid\u00e9r\u00e9e comme constitutive d\u2019une contrefa\u00e7on.<\/p>\n<h2>3 &#8211; Limitations de responsabilit\u00e9.<\/h2>\n<p><strong>IaTechnologies SLU<\/strong>&nbsp;ne pourra \u00eatre tenu pour responsable des dommages directs et indirects caus\u00e9s au mat\u00e9riel de l\u2019utilisateur, lors de l\u2019acc\u00e8s au site&nbsp;<strong>https:\/\/iatechnologies.ad<\/strong>.<\/p>\n<p><strong>IaTechnologies SLU<\/strong>&nbsp;d\u00e9cline toute responsabilit\u00e9 quant \u00e0 l\u2019utilisation qui pourrait \u00eatre faite des informations et contenus pr\u00e9sents sur&nbsp;<strong>https:\/\/iatechnologies.ad<\/strong>.<\/p>\n<p><strong>IaTechnologies SLU<\/strong>&nbsp;s\u2019engage \u00e0 s\u00e9curiser au mieux le site&nbsp;<strong>https:\/\/iatechnologies.ad<\/strong>, cependant sa responsabilit\u00e9 ne pourra \u00eatre mise en cause si des donn\u00e9es ind\u00e9sirables sont import\u00e9es et install\u00e9es sur son site \u00e0 son insu.<\/p>\n<p>Des espaces interactifs (espace contact ou commentaires) sont \u00e0 la disposition des utilisateurs.&nbsp;<strong>IaTechnologies SLU<\/strong>&nbsp;se r\u00e9serve le droit de supprimer, sans mise en demeure pr\u00e9alable, tout contenu d\u00e9pos\u00e9 dans cet espace qui contreviendrait \u00e0 la l\u00e9gislation applicable en Andorre, en particulier aux dispositions relatives \u00e0 la protection des donn\u00e9es.<\/p>\n<p>Le cas \u00e9ch\u00e9ant,&nbsp;<strong>IaTechnologies SLU<\/strong>&nbsp;se r\u00e9serve \u00e9galement la possibilit\u00e9 de mettre en cause la responsabilit\u00e9 civile et\/ou p\u00e9nale de l\u2019utilisateur, notamment en cas de message \u00e0 caract\u00e8re raciste, injurieux, diffamant, ou pornographique, quel que soit le support utilis\u00e9 (texte, photographie \u2026).<\/p>\n<h2>4 &#8211; CNIL et gestion des donn\u00e9es personnelles.<\/h2>\n<p>L\u2019utilisateur du site&nbsp;<strong>https:\/\/iatechnologies.ad<\/strong>&nbsp;dispose d\u2019un droit d\u2019acc\u00e8s, de modification et de suppression des informations collect\u00e9es. Pour exercer ce droit, envoyez un message \u00e0 notre D\u00e9l\u00e9gu\u00e9 \u00e0 la Protection des Donn\u00e9es :&nbsp;<strong>IaTechnologies SLU<\/strong>&nbsp;&#8211;&nbsp;<strong><a href=\"https:\/\/iatechnologies.ad\/contact\/\" data-type=\"page\" data-id=\"9987\">formulaire de contact<\/a><\/strong><\/p>\n<p>Pour plus d&rsquo;informations sur la fa\u00e7on dont nous traitons vos donn\u00e9es (type de donn\u00e9es, finalit\u00e9, destinataire&#8230;), lisez notre<a href=\"https:\/\/iatechnologies.ad\/politique-confidentialite\/\" data-type=\"page\" data-id=\"8787\"> politique de confidentialit\u00e9<\/a>.<\/p>\n<h2>5 &#8211; Liens hypertextes et cookies<\/h2>\n<p>Le site&nbsp;<strong>https:\/\/iatechnologies.ad<\/strong>&nbsp;contient des liens hypertextes vers d\u2019autres sites et d\u00e9gage toute responsabilit\u00e9 \u00e0 propos de ces liens externes ou des liens cr\u00e9\u00e9s par d\u2019autres sites vers&nbsp;<strong>https:\/\/iatechnologies.ad<\/strong>.<\/p>\n<p>La navigation sur le site&nbsp;<strong>https:\/\/iatechnologies.ad<\/strong>&nbsp;est susceptible de provoquer l\u2019installation de cookie(s) sur l\u2019ordinateur de l\u2019utilisateur.<\/p>\n<p>Un \u00ab\u00a0cookie\u00a0\u00bb est un fichier de petite taille qui enregistre des informations relatives \u00e0 la navigation d\u2019un utilisateur sur un site. Les donn\u00e9es ainsi obtenues permettent d&rsquo;obtenir des mesures de fr\u00e9quentation, par exemple.<\/p>\n<p>Vous avez la possibilit\u00e9&nbsp;<strong>d\u2019accepter ou de refuser les cookies<\/strong>&nbsp;en modifiant les param\u00e8tres de votre navigateur.&nbsp;<\/p>\n<p>Les cookies sont enregistr\u00e9s pour une dur\u00e9e maximale de&nbsp;13&nbsp;mois.<\/p>\n<p>Pour plus d&rsquo;informations sur la fa\u00e7on dont nous faisons usage des cookies, lisez notre <a href=\"https:\/\/iatechnologies.ad\/politique-confidentialite\/\" data-type=\"page\" data-id=\"8787\">Politique de confidentialit\u00e9<\/a>.&nbsp;<\/p>\n<h2>6 &#8211; Droit applicable et attribution de juridiction.<\/h2>\n<p><\/p>\n<p>Tout litige en relation avec l\u2019utilisation du site&nbsp;<strong>https:\/\/iatechnologies.ad<\/strong>&nbsp;est soumis au droit andorran. En dehors des cas o\u00f9 la loi ne le permet pas, il est fait attribution exclusive de juridiction aux tribunaux comp\u00e9tents de&nbsp;<strong>Andorra-la-vieille<\/strong><\/p>\n<p><\/p>\t\t\t\t\t\t<\/div>\n\t\t\t\t<\/div>\n\t\t\t\t\t<\/div>\n\t\t<\/div>\n\t\t\t\t\t\t\t<\/div>\n\t\t<\/section>\n\t\t\t\t\t\t\t<\/div>\n\t\t","protected":false},"excerpt":{"rendered":"<p>1 &#8211; \u00c9dition du site Il est pr\u00e9cis\u00e9 aux utilisateurs du site internet&nbsp;https:\/\/iatechnologies.ad&nbsp;l&rsquo;identit\u00e9 des diff\u00e9rents intervenants dans le cadre de sa r\u00e9alisation et de son suivi: Propri\u00e9taire du site :&nbsp;IaTechnologies SLU&nbsp;&#8211; Contact :&nbsp;formulaire de contact&nbsp;&#8211; Adresse :&nbsp;Av. Princep Benlloch 26-30, Ed. Clara Rabassa, 2a planta.&nbsp;AD500 Andorra la Vella &#8211; Andorra&nbsp; Identification de l&rsquo;entreprise :&nbsp;IaTechnologies SLU&nbsp;au&hellip;<\/p>\n","protected":false},"author":1,"featured_media":0,"parent":0,"menu_order":800,"comment_status":"closed","ping_status":"closed","template":"","meta":[],"acf":[],"_links":{"self":[{"href":"https:\/\/iatechnologies.ad\/fr\/wp-json\/wp\/v2\/pages\/5475"}],"collection":[{"href":"https:\/\/iatechnologies.ad\/fr\/wp-json\/wp\/v2\/pages"}],"about":[{"href":"https:\/\/iatechnologies.ad\/fr\/wp-json\/wp\/v2\/types\/page"}],"author":[{"embeddable":true,"href":"https:\/\/iatechnologies.ad\/fr\/wp-json\/wp\/v2\/users\/1"}],"replies":[{"embeddable":true,"href":"https:\/\/iatechnologies.ad\/fr\/wp-json\/wp\/v2\/comments?post=5475"}],"version-history":[{"count":26,"href":"https:\/\/iatechnologies.ad\/fr\/wp-json\/wp\/v2\/pages\/5475\/revisions"}],"predecessor-version":[{"id":11229,"href":"https:\/\/iatechnologies.ad\/fr\/wp-json\/wp\/v2\/pages\/5475\/revisions\/11229"}],"wp:attachment":[{"href":"https:\/\/iatechnologies.ad\/fr\/wp-json\/wp\/v2\/media?parent=5475"}],"curies":[{"name":"wp","href":"https:\/\/api.w.org\/{rel}","templated":true}]}}