{"id":10125,"date":"2023-07-29T14:52:40","date_gmt":"2023-07-29T14:52:40","guid":{"rendered":"https:\/\/iatechnologies.ad\/?page_id=10125"},"modified":"2023-08-02T10:30:56","modified_gmt":"2023-08-02T08:30:56","slug":"developpement","status":"publish","type":"page","link":"https:\/\/iatechnologies.ad\/fr\/services\/developpement\/","title":{"rendered":"D\u00e9veloppement"},"content":{"rendered":"\t\t<div data-elementor-type=\"wp-page\" data-elementor-id=\"10125\" class=\"elementor elementor-10125\" data-elementor-post-type=\"page\">\n\t\t\t\t\t\t\t\t\t<section class=\"elementor-section elementor-top-section elementor-element elementor-element-f9401dc elementor-section-content-middle elementor-section-boxed elementor-section-height-default elementor-section-height-default\" data-id=\"f9401dc\" data-element_type=\"section\" data-settings=\"{&quot;shape_divider_bottom&quot;:&quot;mountains&quot;}\">\n\t\t\t\t\t<div class=\"elementor-shape elementor-shape-bottom\" data-negative=\"false\">\n\t\t\t<svg xmlns=\"http:\/\/www.w3.org\/2000\/svg\" viewBox=\"0 0 1000 100\" preserveAspectRatio=\"none\">\n\t<path class=\"elementor-shape-fill\" opacity=\"0.33\" d=\"M473,67.3c-203.9,88.3-263.1-34-320.3,0C66,119.1,0,59.7,0,59.7V0h1000v59.7 c0,0-62.1,26.1-94.9,29.3c-32.8,3.3-62.8-12.3-75.8-22.1C806,49.6,745.3,8.7,694.9,4.7S492.4,59,473,67.3z\"\/>\n\t<path class=\"elementor-shape-fill\" opacity=\"0.66\" d=\"M734,67.3c-45.5,0-77.2-23.2-129.1-39.1c-28.6-8.7-150.3-10.1-254,39.1 s-91.7-34.4-149.2,0C115.7,118.3,0,39.8,0,39.8V0h1000v36.5c0,0-28.2-18.5-92.1-18.5C810.2,18.1,775.7,67.3,734,67.3z\"\/>\n\t<path class=\"elementor-shape-fill\" d=\"M766.1,28.9c-200-57.5-266,65.5-395.1,19.5C242,1.8,242,5.4,184.8,20.6C128,35.8,132.3,44.9,89.9,52.5C28.6,63.7,0,0,0,0 h1000c0,0-9.9,40.9-83.6,48.1S829.6,47,766.1,28.9z\"\/>\n<\/svg>\t\t<\/div>\n\t\t\t\t\t<div class=\"elementor-container elementor-column-gap-default\">\n\t\t\t\t\t<div class=\"elementor-column elementor-col-100 elementor-top-column elementor-element elementor-element-92158fb\" data-id=\"92158fb\" data-element_type=\"column\">\n\t\t\t<div class=\"elementor-widget-wrap elementor-element-populated\">\n\t\t\t\t\t\t\t\t<section class=\"elementor-section elementor-inner-section elementor-element elementor-element-116f5b3 elementor-section-boxed elementor-section-height-default elementor-section-height-default\" data-id=\"116f5b3\" data-element_type=\"section\">\n\t\t\t\t\t\t<div class=\"elementor-container elementor-column-gap-default\">\n\t\t\t\t\t<div class=\"elementor-column elementor-col-66 elementor-inner-column elementor-element elementor-element-f0ce59f\" data-id=\"f0ce59f\" data-element_type=\"column\">\n\t\t\t<div class=\"elementor-widget-wrap elementor-element-populated\">\n\t\t\t\t\t\t\t\t<div class=\"elementor-element elementor-element-4a16cf1 icon-vertical-align-center content-align-mobile-center icon-vertical-align-mobile-center animated-fast content-align-left icon-box-vertical-align-top elementor-invisible elementor-widget elementor-widget-the7_image_box_grid_widget\" data-id=\"4a16cf1\" data-element_type=\"widget\" data-settings=\"{&quot;_animation&quot;:&quot;fadeInLeft&quot;}\" data-widget_type=\"the7_image_box_grid_widget.default\">\n\t\t\t\t<div class=\"elementor-widget-container\">\n\t\t\t<div class=\"the7-box-grid-wrapper the7-elementor-widget loading-effect-none the7_image_box_grid_widget-4a16cf1 widget-divider-on\">\t\t\t<div class=\"dt-css-grid\">\n\t\t\t\t\t\t\t\t\t<div class=\"wf-cell shown\">\n\t\t\t\t\t\t<div class=\"the7-image-box-wrapper the7-box-wrapper the7-elementor-widget\">\t\t\t\t\t\t\t<div class=\"box-content-wrapper\">\n\n\t\t\t\t\t\t\t\t\t\t\t\t\t\t\t\t\t<div class=\"elementor-image-div \">\n\t\t\t\t\t\t\t\t\t\t<a class=\"post-thumbnail-rollover layzr-bg img-css-resize-wrapper\" ><img width=\"150\" height=\"150\" src=\"data:image\/svg+xml,%3Csvg%20xmlns%3D&#039;http%3A%2F%2Fwww.w3.org%2F2000%2Fsvg&#039;%20viewBox%3D&#039;0%200%20150%20150&#039;%2F%3E\" class=\"attachment-thumbnail size-thumbnail preload-me aspect lazy lazy-load\" alt=\"\" decoding=\"async\" loading=\"eager\" sizes=\"(max-width: 150px) 100vw, 150px\" style=\"--ratio: 150 \/ 150;\" data-src=\"https:\/\/iatechnologies.ad\/wp-content\/uploads\/2023\/08\/linternet-150x150.png\" data-srcset=\"https:\/\/iatechnologies.ad\/wp-content\/uploads\/2023\/08\/linternet-150x150.png 150w, https:\/\/iatechnologies.ad\/wp-content\/uploads\/2023\/08\/linternet-300x300.png 300w, https:\/\/iatechnologies.ad\/wp-content\/uploads\/2023\/08\/linternet.png 512w\" \/><\/a>\t\t\t\t\t\t\t\t\t<\/div>\n\t\t\t\t\t\t\t\t\t\t\t\t\t\t\t\t<div class=\"box-content\">\n\t\t\t\t\t\t\t\t\t<h3 class=\"box-heading\"><a >Frontend<\/a><\/h3><div class=\"box-description\">La partie visible du site web, celle avec laquelle les utilisateurs interagissent. Cela correspond aux productions HTML, CSS et JavaScript d\u2019une page internet ou d\u2019une application.<\/div>\t\t\t\t\t\t\t\t<\/div>\n\t\t\t\t\t\t\t<\/div>\n\t\t\t\t\t\t<\/div>\t\t\t\t\t<\/div>\n\t\t\t\t\t\t\t\t\t\t<div class=\"wf-cell shown\">\n\t\t\t\t\t\t<div class=\"the7-image-box-wrapper the7-box-wrapper the7-elementor-widget\">\t\t\t\t\t\t\t<div class=\"box-content-wrapper\">\n\n\t\t\t\t\t\t\t\t\t\t\t\t\t\t\t\t\t<div class=\"elementor-image-div \">\n\t\t\t\t\t\t\t\t\t\t<a class=\"post-thumbnail-rollover layzr-bg img-css-resize-wrapper\" ><img width=\"150\" height=\"150\" src=\"data:image\/svg+xml,%3Csvg%20xmlns%3D&#039;http%3A%2F%2Fwww.w3.org%2F2000%2Fsvg&#039;%20viewBox%3D&#039;0%200%20150%20150&#039;%2F%3E\" class=\"attachment-thumbnail size-thumbnail preload-me aspect lazy lazy-load\" alt=\"\" decoding=\"async\" loading=\"eager\" sizes=\"(max-width: 150px) 100vw, 150px\" style=\"--ratio: 150 \/ 150;\" data-src=\"https:\/\/iatechnologies.ad\/wp-content\/uploads\/2023\/08\/programmation-150x150.png\" data-srcset=\"https:\/\/iatechnologies.ad\/wp-content\/uploads\/2023\/08\/programmation-150x150.png 150w, https:\/\/iatechnologies.ad\/wp-content\/uploads\/2023\/08\/programmation-300x300.png 300w, https:\/\/iatechnologies.ad\/wp-content\/uploads\/2023\/08\/programmation.png 512w\" \/><\/a>\t\t\t\t\t\t\t\t\t<\/div>\n\t\t\t\t\t\t\t\t\t\t\t\t\t\t\t\t<div class=\"box-content\">\n\t\t\t\t\t\t\t\t\t<h3 class=\"box-heading\"><a >Backend<\/a><\/h3><div class=\"box-description\">les parties du code d'une application ou d'un logiciel permettant son fonctionnement et inaccessibles \u00e0 l'utilisateur (comme une admin ou un dashboard)<\/div>\t\t\t\t\t\t\t\t<\/div>\n\t\t\t\t\t\t\t<\/div>\n\t\t\t\t\t\t<\/div>\t\t\t\t\t<\/div>\n\t\t\t\t\t\t\t\t\t\t<div class=\"wf-cell shown\">\n\t\t\t\t\t\t<div class=\"the7-image-box-wrapper the7-box-wrapper the7-elementor-widget\">\t\t\t\t\t\t\t<div class=\"box-content-wrapper\">\n\n\t\t\t\t\t\t\t\t\t\t\t\t\t\t\t\t\t<div class=\"elementor-image-div \">\n\t\t\t\t\t\t\t\t\t\t<a class=\"post-thumbnail-rollover layzr-bg img-css-resize-wrapper\" ><img width=\"150\" height=\"150\" src=\"data:image\/svg+xml,%3Csvg%20xmlns%3D&#039;http%3A%2F%2Fwww.w3.org%2F2000%2Fsvg&#039;%20viewBox%3D&#039;0%200%20150%20150&#039;%2F%3E\" class=\"attachment-thumbnail size-thumbnail preload-me aspect lazy lazy-load\" alt=\"\" decoding=\"async\" loading=\"eager\" sizes=\"(max-width: 150px) 100vw, 150px\" style=\"--ratio: 150 \/ 150;\" data-src=\"https:\/\/iatechnologies.ad\/wp-content\/uploads\/2023\/08\/code-150x150.png\" data-srcset=\"https:\/\/iatechnologies.ad\/wp-content\/uploads\/2023\/08\/code-150x150.png 150w, https:\/\/iatechnologies.ad\/wp-content\/uploads\/2023\/08\/code-300x300.png 300w, https:\/\/iatechnologies.ad\/wp-content\/uploads\/2023\/08\/code.png 512w\" \/><\/a>\t\t\t\t\t\t\t\t\t<\/div>\n\t\t\t\t\t\t\t\t\t\t\t\t\t\t\t\t<div class=\"box-content\">\n\t\t\t\t\t\t\t\t\t<h3 class=\"box-heading\"><a >Middleware<\/a><\/h3><div class=\"box-description\">Les middlewares sont typiquement utilis\u00e9s comme ciment pour relier des applications informatiques disparates des syst\u00e8mes d'information des entreprises et des institutions.<\/div>\t\t\t\t\t\t\t\t<\/div>\n\t\t\t\t\t\t\t<\/div>\n\t\t\t\t\t\t<\/div>\t\t\t\t\t<\/div>\n\t\t\t\t\t\t\t\t<\/div>\n\t\t\t<\/div>\t\t<\/div>\n\t\t\t\t<\/div>\n\t\t\t\t\t<\/div>\n\t\t<\/div>\n\t\t\t\t<div class=\"elementor-column elementor-col-33 elementor-inner-column elementor-element elementor-element-8a2aad9 elementor-hidden-mobile\" data-id=\"8a2aad9\" data-element_type=\"column\" data-settings=\"{&quot;background_background&quot;:&quot;classic&quot;}\">\n\t\t\t<div class=\"elementor-widget-wrap\">\n\t\t\t\t\t\t\t\t\t<\/div>\n\t\t<\/div>\n\t\t\t\t\t\t\t<\/div>\n\t\t<\/section>\n\t\t\t\t\t<\/div>\n\t\t<\/div>\n\t\t\t\t\t\t\t<\/div>\n\t\t<\/section>\n\t\t\t\t<section class=\"elementor-section elementor-top-section elementor-element elementor-element-631872a elementor-section-boxed elementor-section-height-default elementor-section-height-default\" data-id=\"631872a\" data-element_type=\"section\" data-settings=\"{&quot;background_background&quot;:&quot;classic&quot;}\">\n\t\t\t\t\t\t<div class=\"elementor-container elementor-column-gap-default\">\n\t\t\t\t\t<div class=\"elementor-column elementor-col-100 elementor-top-column elementor-element elementor-element-100e2f2\" data-id=\"100e2f2\" data-element_type=\"column\">\n\t\t\t<div class=\"elementor-widget-wrap elementor-element-populated\">\n\t\t\t\t\t\t\t\t<div class=\"elementor-element elementor-element-902a1b4 elementor-widget elementor-widget-global elementor-global-10818 elementor-widget-image-carousel\" data-id=\"902a1b4\" data-element_type=\"widget\" data-settings=\"{&quot;slides_to_show&quot;:&quot;5&quot;,&quot;navigation&quot;:&quot;none&quot;,&quot;autoplay_speed&quot;:500,&quot;autoplay&quot;:&quot;yes&quot;,&quot;pause_on_hover&quot;:&quot;yes&quot;,&quot;pause_on_interaction&quot;:&quot;yes&quot;,&quot;infinite&quot;:&quot;yes&quot;,&quot;speed&quot;:500}\" data-widget_type=\"image-carousel.default\">\n\t\t\t\t<div class=\"elementor-widget-container\">\n\t\t\t\t\t<div class=\"elementor-image-carousel-wrapper swiper\" dir=\"ltr\">\n\t\t\t<div class=\"elementor-image-carousel swiper-wrapper\" aria-live=\"off\">\n\t\t\t\t\t\t\t\t<div class=\"swiper-slide\" role=\"group\" aria-roledescription=\"slide\" aria-label=\"1 sur 5\"><figure class=\"swiper-slide-inner\"><img decoding=\"async\" class=\"swiper-slide-image\" src=\"https:\/\/iatechnologies.ad\/wp-content\/uploads\/elementor\/thumbs\/laravel-qa4dtey3aimgj55hdcd5e9mzo8ofwdn30xs7gotszk.png\" alt=\"laravel\" \/><\/figure><\/div><div class=\"swiper-slide\" role=\"group\" aria-roledescription=\"slide\" aria-label=\"2 sur 5\"><figure class=\"swiper-slide-inner\"><img decoding=\"async\" class=\"swiper-slide-image\" src=\"https:\/\/iatechnologies.ad\/wp-content\/uploads\/elementor\/thumbs\/vuejs-logo-qa4e4xgx0gdwr6fd4tjmfv19n5xb6wcplxhc3pr6rk.png\" alt=\"vuejs-logo\" \/><\/figure><\/div><div class=\"swiper-slide\" role=\"group\" aria-roledescription=\"slide\" aria-label=\"3 sur 5\"><figure class=\"swiper-slide-inner\"><img decoding=\"async\" class=\"swiper-slide-image\" src=\"https:\/\/iatechnologies.ad\/wp-content\/uploads\/elementor\/thumbs\/wordpress-qa4e6mkfcopjptym81ydfxm897k63839ibvwap8lj4.png\" alt=\"wordpress\" \/><\/figure><\/div><div class=\"swiper-slide\" role=\"group\" aria-roledescription=\"slide\" aria-label=\"4 sur 5\"><figure class=\"swiper-slide-inner\"><img decoding=\"async\" class=\"swiper-slide-image\" src=\"https:\/\/iatechnologies.ad\/wp-content\/uploads\/elementor\/thumbs\/aws-amazon-web-service-qa4ebybi2w01ia834cu9kl89ftb1ph8i8oyy75ca9s.png\" alt=\"aws-amazon-web-service\" \/><\/figure><\/div><div class=\"swiper-slide\" role=\"group\" aria-roledescription=\"slide\" aria-label=\"5 sur 5\"><figure class=\"swiper-slide-inner\"><img decoding=\"async\" class=\"swiper-slide-image\" src=\"https:\/\/iatechnologies.ad\/wp-content\/uploads\/elementor\/thumbs\/google-qa4ekzjnrkd93d3od9f6jb5qz4s1or3mteoy8vy2gw.png\" alt=\"google\" \/><\/figure><\/div>\t\t\t<\/div>\n\t\t\t\t\t\t\t\n\t\t\t\t\t\t\t\t\t<\/div>\n\t\t\t\t<\/div>\n\t\t\t\t<\/div>\n\t\t\t\t\t<\/div>\n\t\t<\/div>\n\t\t\t\t\t\t\t<\/div>\n\t\t<\/section>\n\t\t\t\t<section class=\"elementor-section elementor-top-section elementor-element elementor-element-3ebcab11 elementor-section-content-middle elementor-section-boxed elementor-section-height-default elementor-section-height-default\" data-id=\"3ebcab11\" data-element_type=\"section\" data-settings=\"{&quot;background_background&quot;:&quot;classic&quot;}\">\n\t\t\t\t\t\t\t<div class=\"elementor-background-overlay\"><\/div>\n\t\t\t\t\t\t\t<div class=\"elementor-container elementor-column-gap-wider\">\n\t\t\t\t\t<div class=\"elementor-column elementor-col-100 elementor-top-column elementor-element elementor-element-472a31b8\" data-id=\"472a31b8\" data-element_type=\"column\">\n\t\t\t<div class=\"elementor-widget-wrap elementor-element-populated\">\n\t\t\t\t\t\t\t\t<section class=\"elementor-section elementor-inner-section elementor-element elementor-element-36d3de55 elementor-section-content-middle elementor-section-boxed elementor-section-height-default elementor-section-height-default\" data-id=\"36d3de55\" data-element_type=\"section\">\n\t\t\t\t\t\t<div class=\"elementor-container elementor-column-gap-no\">\n\t\t\t\t\t<div class=\"elementor-column elementor-col-50 elementor-inner-column elementor-element elementor-element-5e07ddd8\" data-id=\"5e07ddd8\" data-element_type=\"column\">\n\t\t\t<div class=\"elementor-widget-wrap elementor-element-populated\">\n\t\t\t\t\t\t\t\t<div class=\"elementor-element elementor-element-66ecc82d content-align-center icon-box-vertical-align-center icon-vertical-align-center elementor-invisible elementor-widget elementor-widget-the7_image_box_widget\" data-id=\"66ecc82d\" data-element_type=\"widget\" data-settings=\"{&quot;_animation&quot;:&quot;slideInLeft&quot;}\" data-widget_type=\"the7_image_box_widget.default\">\n\t\t\t\t<div class=\"elementor-widget-container\">\n\t\t\t\n\t\t<div class=\"the7-box-wrapper the7-elementor-widget the7_image_box_widget-66ecc82d\">\t\t\t<div class=\"box-content-wrapper\">\n\t\t\t\t\t\t\t\t<div class=\"elementor-image-div \">\n\t\t\t\t\t<a class=\"post-thumbnail-rollover layzr-bg img-css-resize-wrapper\" ><img width=\"150\" height=\"150\" src=\"data:image\/svg+xml,%3Csvg%20xmlns%3D&#039;http%3A%2F%2Fwww.w3.org%2F2000%2Fsvg&#039;%20viewBox%3D&#039;0%200%20150%20150&#039;%2F%3E\" class=\"attachment-thumbnail size-thumbnail preload-me aspect lazy lazy-load\" alt=\"\" decoding=\"async\" loading=\"eager\" sizes=\"(max-width: 150px) 100vw, 150px\" style=\"--ratio: 150 \/ 150;\" data-src=\"https:\/\/iatechnologies.ad\/wp-content\/uploads\/2023\/07\/cropped-iatech_logo4Fichier-150x150.png\" data-srcset=\"https:\/\/iatechnologies.ad\/wp-content\/uploads\/2023\/07\/cropped-iatech_logo4Fichier-150x150.png 150w, https:\/\/iatechnologies.ad\/wp-content\/uploads\/2023\/07\/cropped-iatech_logo4Fichier-300x300.png 300w, https:\/\/iatechnologies.ad\/wp-content\/uploads\/2023\/07\/cropped-iatech_logo4Fichier-270x270.png 270w, https:\/\/iatechnologies.ad\/wp-content\/uploads\/2023\/07\/cropped-iatech_logo4Fichier-192x192.png 192w, https:\/\/iatechnologies.ad\/wp-content\/uploads\/2023\/07\/cropped-iatech_logo4Fichier-180x180.png 180w, https:\/\/iatechnologies.ad\/wp-content\/uploads\/2023\/07\/cropped-iatech_logo4Fichier-32x32.png 32w, https:\/\/iatechnologies.ad\/wp-content\/uploads\/2023\/07\/cropped-iatech_logo4Fichier.png 512w\" \/><span class=\"the7-hover-icon\"><\/span><\/a>\t\t\t\t<\/div>\n\t\t\t\t\n\t\t\t\t<div class=\"box-content\">\n\t\t\t\t\t<div class=\"box-heading\"><a >Web &amp; Music<\/a><\/div><div class=\"box-description\">Un projet ?  Des besoins sp\u00e9cifiques ? Notre \u00e9quipe est \u00e0 votre disposition pour vous accompagner sur tous les aspects de vos projets web. N'h\u00e9sitez pas \u00e0 nous contacter.<\/div>\t\t\t\t<\/div>\n\t\t\t<\/div>\n\t\t<\/div>\t\t<\/div>\n\t\t\t\t<\/div>\n\t\t\t\t\t<\/div>\n\t\t<\/div>\n\t\t\t\t<div class=\"elementor-column elementor-col-50 elementor-inner-column elementor-element elementor-element-642869ad\" data-id=\"642869ad\" data-element_type=\"column\">\n\t\t\t<div class=\"elementor-widget-wrap elementor-element-populated\">\n\t\t\t\t\t\t\t\t<div class=\"elementor-element elementor-element-405beebc elementor-invisible elementor-widget elementor-widget-ucaddon_contact_form_7\" data-id=\"405beebc\" data-element_type=\"widget\" data-settings=\"{&quot;_animation&quot;:&quot;slideInRight&quot;}\" data-widget_type=\"ucaddon_contact_form_7.default\">\n\t\t\t\t<div class=\"elementor-widget-container\">\n\t\t\t<!-- start Contact Form 7 -->\n\t\t\t<style type=\"text\/css\">\/* widget: Contact Form 7 *\/\n\n#uc_contact_form_7_elementor_405beebc {\n  display: flex;  \n  flex-direction: column;\n}\n#uc_contact_form_7_elementor_405beebc .wpcf7-list-item {\n    margin: 0 0 0 8px;\n}\n\n#uc_contact_form_7_elementor_405beebc .wpcf7-form p:has(.wpcf7-submit){\n  display:flex;\n  flex-wrap: wrap;\n}\n\n#uc_contact_form_7_elementor_405beebc .ue_contact_form_7 label{\n  display: block;\n}\n\n#uc_contact_form_7_elementor_405beebc .wpcf7-checkbox, #uc_contact_form_7_elementor_405beebc .wpcf7-radio{\n  display:flex;\n  flex-wrap: wrap;\n}\n\n#uc_contact_form_7_elementor_405beebc .wpcf7-form-control-wrap{\n  display:flex;\n  width:100%;\n  flex-wrap: wrap;\n}\n\n\n\n\n.ue_contact_form_7 p > label{\n  line-height: inherit;\n}\n\n<\/style>\n\n\t\t\t<div id=\"uc_contact_form_7_elementor_405beebc\" class=\"ue_contact_form_7\">\n  <div class=\"ue_form_wrapper\">\n            \n    \n<div class=\"wpcf7 no-js\" id=\"wpcf7-f83-o1\" lang=\"fr-FR\" dir=\"ltr\">\n<div class=\"screen-reader-response\"><p role=\"status\" aria-live=\"polite\" aria-atomic=\"true\"><\/p> <ul><\/ul><\/div>\n<form action=\"\/fr\/wp-json\/wp\/v2\/pages\/10125#wpcf7-f83-o1\" method=\"post\" class=\"wpcf7-form init\" aria-label=\"Formulaire de contact\" novalidate=\"novalidate\" data-status=\"init\">\n<div style=\"display: none;\">\n<input type=\"hidden\" name=\"_wpcf7\" value=\"83\" \/>\n<input type=\"hidden\" name=\"_wpcf7_version\" value=\"5.8\" \/>\n<input type=\"hidden\" name=\"_wpcf7_locale\" value=\"fr_FR\" \/>\n<input type=\"hidden\" name=\"_wpcf7_unit_tag\" value=\"wpcf7-f83-o1\" \/>\n<input type=\"hidden\" name=\"_wpcf7_container_post\" value=\"0\" \/>\n<input type=\"hidden\" name=\"_wpcf7_posted_data_hash\" value=\"\" \/>\n<input type=\"hidden\" name=\"_wpcf7_recaptcha_response\" value=\"\" \/>\n<\/div>\n<p><label> Votre nom<br \/>\n<span class=\"wpcf7-form-control-wrap\" data-name=\"your-name\"><input size=\"40\" class=\"wpcf7-form-control wpcf7-text wpcf7-validates-as-required\" autocomplete=\"name\" aria-required=\"true\" aria-invalid=\"false\" value=\"\" type=\"text\" name=\"your-name\" \/><\/span> <\/label>\n<\/p>\n<p><label> Votre e-mail<br \/>\n<span class=\"wpcf7-form-control-wrap\" data-name=\"your-email\"><input size=\"40\" class=\"wpcf7-form-control wpcf7-email wpcf7-validates-as-required wpcf7-text wpcf7-validates-as-email\" autocomplete=\"email\" aria-required=\"true\" aria-invalid=\"false\" value=\"\" type=\"email\" name=\"your-email\" \/><\/span> <\/label>\n<\/p>\n<p><label> Votre message (facultatif)<br \/>\n<span class=\"wpcf7-form-control-wrap\" data-name=\"your-message\"><textarea cols=\"10\" rows=\"5\" class=\"wpcf7-form-control wpcf7-textarea wpcf7-validates-as-required\" aria-required=\"true\" aria-invalid=\"false\" name=\"your-message\"><\/textarea><\/span> <\/label>\n<\/p>\n<p><input class=\"wpcf7-form-control wpcf7-submit has-spinner\" type=\"submit\" value=\"Envoyer\" \/>\n<\/p><div class=\"wpcf7-response-output\" aria-hidden=\"true\"><\/div>\n<\/form>\n<\/div>\n    \n  <\/div>\n<\/div>\n\t\t\t<!-- end Contact Form 7 -->\t\t<\/div>\n\t\t\t\t<\/div>\n\t\t\t\t\t<\/div>\n\t\t<\/div>\n\t\t\t\t\t\t\t<\/div>\n\t\t<\/section>\n\t\t\t\t\t<\/div>\n\t\t<\/div>\n\t\t\t\t\t\t\t<\/div>\n\t\t<\/section>\n\t\t\t\t\t\t\t<\/div>\n\t\t","protected":false},"excerpt":{"rendered":"<p>D\u00e9veloppement de vos applications web. Refonte ou extension de projets existants. Coh\u00e9rence des technos et stacks de dev.<\/p>\n","protected":false},"author":1,"featured_media":9814,"parent":9981,"menu_order":0,"comment_status":"closed","ping_status":"closed","template":"","meta":[],"acf":[],"_links":{"self":[{"href":"https:\/\/iatechnologies.ad\/fr\/wp-json\/wp\/v2\/pages\/10125"}],"collection":[{"href":"https:\/\/iatechnologies.ad\/fr\/wp-json\/wp\/v2\/pages"}],"about":[{"href":"https:\/\/iatechnologies.ad\/fr\/wp-json\/wp\/v2\/types\/page"}],"author":[{"embeddable":true,"href":"https:\/\/iatechnologies.ad\/fr\/wp-json\/wp\/v2\/users\/1"}],"replies":[{"embeddable":true,"href":"https:\/\/iatechnologies.ad\/fr\/wp-json\/wp\/v2\/comments?post=10125"}],"version-history":[{"count":50,"href":"https:\/\/iatechnologies.ad\/fr\/wp-json\/wp\/v2\/pages\/10125\/revisions"}],"predecessor-version":[{"id":11010,"href":"https:\/\/iatechnologies.ad\/fr\/wp-json\/wp\/v2\/pages\/10125\/revisions\/11010"}],"up":[{"embeddable":true,"href":"https:\/\/iatechnologies.ad\/fr\/wp-json\/wp\/v2\/pages\/9981"}],"wp:featuredmedia":[{"embeddable":true,"href":"https:\/\/iatechnologies.ad\/fr\/wp-json\/wp\/v2\/media\/9814"}],"wp:attachment":[{"href":"https:\/\/iatechnologies.ad\/fr\/wp-json\/wp\/v2\/media?parent=10125"}],"curies":[{"name":"wp","href":"https:\/\/api.w.org\/{rel}","templated":true}]}}