{"id":10123,"date":"2023-07-29T14:52:09","date_gmt":"2023-07-29T14:52:09","guid":{"rendered":"https:\/\/iatechnologies.ad\/?page_id=10123"},"modified":"2023-08-02T15:37:41","modified_gmt":"2023-08-02T13:37:41","slug":"communication-marketing","status":"publish","type":"page","link":"https:\/\/iatechnologies.ad\/fr\/services\/communication-marketing\/","title":{"rendered":"Communication et Marketing"},"content":{"rendered":"\t\t<div data-elementor-type=\"wp-page\" data-elementor-id=\"10123\" class=\"elementor elementor-10123\" data-elementor-post-type=\"page\">\n\t\t\t\t\t\t\t\t\t<section class=\"elementor-section elementor-top-section elementor-element elementor-element-9b40b8c elementor-section-full_width elementor-section-height-default elementor-section-height-default\" data-id=\"9b40b8c\" data-element_type=\"section\" data-settings=\"{&quot;shape_divider_bottom&quot;:&quot;arrow&quot;,&quot;shape_divider_bottom_negative&quot;:&quot;yes&quot;}\">\n\t\t\t\t\t<div class=\"elementor-shape elementor-shape-bottom\" data-negative=\"true\">\n\t\t\t<svg xmlns=\"http:\/\/www.w3.org\/2000\/svg\" viewBox=\"0 0 700 10\" preserveAspectRatio=\"none\">\n\t<path class=\"elementor-shape-fill\" d=\"M360 0L350 9.9 340 0 0 0 0 10 700 10 700 0\"\/>\n<\/svg>\t\t<\/div>\n\t\t\t\t\t<div class=\"elementor-container elementor-column-gap-no\">\n\t\t\t\t\t<div class=\"elementor-column elementor-col-100 elementor-top-column elementor-element elementor-element-0796309\" data-id=\"0796309\" data-element_type=\"column\">\n\t\t\t<div class=\"elementor-widget-wrap elementor-element-populated\">\n\t\t\t\t\t\t\t\t<div class=\"elementor-element elementor-element-0690051 elementor-widget elementor-widget-ucaddon_transparent_split_hero\" data-id=\"0690051\" data-element_type=\"widget\" data-widget_type=\"ucaddon_transparent_split_hero.default\">\n\t\t\t\t<div class=\"elementor-widget-container\">\n\t\t\t<!-- start Transparent Split Hero -->\n\t\t<link id='uc_ac_assets_file_uc_photography_header_css_0-css' href='https:\/\/iatechnologies.ad\/wp-content\/uploads\/ac_assets\/uc_photography_header\/uc_photography_header.css' type='text\/css' rel='stylesheet' >\n\n\t\t\t<style type=\"text\/css\">\/* widget: Transparent Split Hero *\/\n\n.uc_photography_header *{\n\tmargin:0;\n\tpadding:0;\n\t-webkit-box-sizing: border-box;\n\t-moz-box-sizing: border-box;\n\tbox-sizing: border-box;\n\t\n}\n#uc_transparent_split_hero_elementor_0690051\n{\n\tposition:relative;\n\twidth:100%;\n    background-position:center;\n    background-size:cover;\n    background-image:url(https:\/\/iatechnologies.ad\/wp-content\/uploads\/2023\/07\/social-media-illustration.jpg);\n    display:flex;\n    overflow:hidden;\n    \n}\n\n#uc_transparent_split_hero_elementor_0690051 > div\n{\n  height:100%;\n  display:flex;\n    align-items:center;\n}\n\n.uc_photography_header .uc_container_text_box{ \n  text-align:left;\n}\n\n.uc_photography_header .uc_subtitle\n{\n  font-size:42px;\n}\n\n.uc_photography_header .uc_container_text_box a{\n\tborder-style:solid;\n\tdisplay:inline-block;\n}\n\n<\/style>\n\n\t\t\t<div class=\"uc_photography_header\" id=\"uc_transparent_split_hero_elementor_0690051\">    \t      \n  <div class=\"uc_container_text_box\">  \n  <div>\n        <div class=\"uc_title\">Let the World know you<\/div>\n        <div class=\"uc_subtitle\">Communication multi-canal<\/div>\n        <div class=\"uc_text\">Vous souhaitez b\u00e2tir une exp\u00e9rience de marque unique et engageante ?\n\nVous voulez toucher une audience qualifi\u00e9e ? Nos experts web sont \u00e0 votre disposition.<\/div>\n        <a class=\"uc_btn\" href=\"#communication\" >En savoir plus<\/a>\n    <\/div>\n  <\/div>\n<\/div>\n\t\t\t<!-- end Transparent Split Hero -->\t\t<\/div>\n\t\t\t\t<\/div>\n\t\t\t\t\t<\/div>\n\t\t<\/div>\n\t\t\t\t\t\t\t<\/div>\n\t\t<\/section>\n\t\t\t\t<section class=\"elementor-section elementor-top-section elementor-element elementor-element-ed976d9 elementor-section-boxed elementor-section-height-default elementor-section-height-default\" data-id=\"ed976d9\" data-element_type=\"section\" id=\"communication\" data-settings=\"{&quot;background_background&quot;:&quot;classic&quot;}\">\n\t\t\t\t\t\t<div class=\"elementor-container elementor-column-gap-default\">\n\t\t\t\t\t<div class=\"elementor-column elementor-col-33 elementor-top-column elementor-element elementor-element-b5d04aa\" data-id=\"b5d04aa\" data-element_type=\"column\">\n\t\t\t<div class=\"elementor-widget-wrap elementor-element-populated\">\n\t\t\t\t\t\t\t\t<div class=\"elementor-element elementor-element-ccf151d content-align-left icon-box-vertical-align-top icon-vertical-align-start elementor-widget elementor-widget-the7_image_box_grid_widget\" data-id=\"ccf151d\" data-element_type=\"widget\" data-widget_type=\"the7_image_box_grid_widget.default\">\n\t\t\t\t<div class=\"elementor-widget-container\">\n\t\t\t<div class=\"the7-box-grid-wrapper the7-elementor-widget loading-effect-none the7_image_box_grid_widget-ccf151d\">\t\t\t<div class=\"dt-css-grid\">\n\t\t\t\t\t\t\t\t\t<div class=\"wf-cell shown\">\n\t\t\t\t\t\t<div class=\"the7-image-box-wrapper the7-box-wrapper the7-elementor-widget\">\t\t\t\t\t\t\t<div class=\"box-content-wrapper\">\n\n\t\t\t\t\t\t\t\t\t\t\t\t\t\t\t\t<div class=\"box-content\">\n\t\t\t\t\t\t\t\t\t<h4 class=\"box-heading\"><a >Analyse du march\u00e9\u200b<\/a><\/h4><div class=\"box-description\">Quel est l'\u00e9tat actuel du march\u00e9? Est-ce le bon moment? Un \u00e9v\u00e8nement majeur peut-il faire de l'ombre \u00e0 la campagne ? ...<\/div>\t\t\t\t\t\t\t\t<\/div>\n\t\t\t\t\t\t\t<\/div>\n\t\t\t\t\t\t<\/div>\t\t\t\t\t<\/div>\n\t\t\t\t\t\t\t\t\t\t<div class=\"wf-cell shown\">\n\t\t\t\t\t\t<div class=\"the7-image-box-wrapper the7-box-wrapper the7-elementor-widget\">\t\t\t\t\t\t\t<div class=\"box-content-wrapper\">\n\n\t\t\t\t\t\t\t\t\t\t\t\t\t\t\t\t<div class=\"box-content\">\n\t\t\t\t\t\t\t\t\t<h4 class=\"box-heading\"><a >Veille concurrentielle\u200b<\/a><\/h4><div class=\"box-description\">Quelles sont les actions mises en place par vos concurrents ? Comment interagissent-ils avec leurs audiences ...<\/div>\t\t\t\t\t\t\t\t<\/div>\n\t\t\t\t\t\t\t<\/div>\n\t\t\t\t\t\t<\/div>\t\t\t\t\t<\/div>\n\t\t\t\t\t\t\t\t\t\t<div class=\"wf-cell shown\">\n\t\t\t\t\t\t<div class=\"the7-image-box-wrapper the7-box-wrapper the7-elementor-widget\">\t\t\t\t\t\t\t<div class=\"box-content-wrapper\">\n\n\t\t\t\t\t\t\t\t\t\t\t\t\t\t\t\t<div class=\"box-content\">\n\t\t\t\t\t\t\t\t\t<h4 class=\"box-heading\"><a >Analyse et Synth\u00e8se SWOT<\/a><\/h4><div class=\"box-description\">Strengths (Forces) - \nWeaknesses (Faiblesses)  - \nOpportunities (Opportunit\u00e9s) - \nThreats (Menaces) <\/div>\t\t\t\t\t\t\t\t<\/div>\n\t\t\t\t\t\t\t<\/div>\n\t\t\t\t\t\t<\/div>\t\t\t\t\t<\/div>\n\t\t\t\t\t\t\t\t\t\t<div class=\"wf-cell shown\">\n\t\t\t\t\t\t<div class=\"the7-image-box-wrapper the7-box-wrapper the7-elementor-widget\">\t\t\t\t\t\t\t<div class=\"box-content-wrapper\">\n\n\t\t\t\t\t\t\t\t\t\t\t\t\t\t\t\t<div class=\"box-content\">\n\t\t\t\t\t\t\t\t\t<h4 class=\"box-heading\"><a >Plan d'action\u200b<\/a><\/h4><div class=\"box-description\">Nous d\u00e9finissions ensemble les actions \u00e0 mettre en oeuvre, les canaux pertinents et les supports<\/div>\t\t\t\t\t\t\t\t<\/div>\n\t\t\t\t\t\t\t<\/div>\n\t\t\t\t\t\t<\/div>\t\t\t\t\t<\/div>\n\t\t\t\t\t\t\t\t<\/div>\n\t\t\t<\/div>\t\t<\/div>\n\t\t\t\t<\/div>\n\t\t\t\t\t<\/div>\n\t\t<\/div>\n\t\t\t\t<div class=\"elementor-column elementor-col-33 elementor-top-column elementor-element elementor-element-ff282d8\" data-id=\"ff282d8\" data-element_type=\"column\" data-settings=\"{&quot;background_background&quot;:&quot;classic&quot;}\">\n\t\t\t<div class=\"elementor-widget-wrap elementor-element-populated\">\n\t\t\t\t\t\t\t\t<div class=\"elementor-element elementor-element-ea19dbb animated-slow elementor-invisible elementor-widget elementor-widget-image\" data-id=\"ea19dbb\" data-element_type=\"widget\" data-settings=\"{&quot;_animation&quot;:&quot;zoomInDown&quot;}\" data-widget_type=\"image.default\">\n\t\t\t\t<div class=\"elementor-widget-container\">\n\t\t\t\t\t\t\t\t\t\t\t\t\t\t\t<img decoding=\"async\" width=\"768\" height=\"581\" src=\"https:\/\/iatechnologies.ad\/wp-content\/uploads\/2023\/07\/social-media-people-e1690979647404-768x581.png\" class=\"attachment-medium_large size-medium_large wp-image-9887\" alt=\"\" loading=\"lazy\" srcset=\"https:\/\/iatechnologies.ad\/wp-content\/uploads\/2023\/07\/social-media-people-e1690979647404-768x581.png 768w, https:\/\/iatechnologies.ad\/wp-content\/uploads\/2023\/07\/social-media-people-e1690979647404-300x227.png 300w, https:\/\/iatechnologies.ad\/wp-content\/uploads\/2023\/07\/social-media-people-e1690979647404-1024x775.png 1024w, https:\/\/iatechnologies.ad\/wp-content\/uploads\/2023\/07\/social-media-people-e1690979647404.png 1344w\" sizes=\"(max-width: 768px) 100vw, 768px\" \/>\t\t\t\t\t\t\t\t\t\t\t\t\t\t\t<\/div>\n\t\t\t\t<\/div>\n\t\t\t\t\t<\/div>\n\t\t<\/div>\n\t\t\t\t<div class=\"elementor-column elementor-col-33 elementor-top-column elementor-element elementor-element-266fbc6\" data-id=\"266fbc6\" data-element_type=\"column\">\n\t\t\t<div class=\"elementor-widget-wrap elementor-element-populated\">\n\t\t\t\t\t\t\t\t<div class=\"elementor-element elementor-element-b3b5bd7 content-align-left icon-box-vertical-align-top icon-vertical-align-start elementor-widget elementor-widget-the7_image_box_grid_widget\" data-id=\"b3b5bd7\" data-element_type=\"widget\" data-widget_type=\"the7_image_box_grid_widget.default\">\n\t\t\t\t<div class=\"elementor-widget-container\">\n\t\t\t<div class=\"the7-box-grid-wrapper the7-elementor-widget loading-effect-none the7_image_box_grid_widget-b3b5bd7\">\t\t\t<div class=\"dt-css-grid\">\n\t\t\t\t\t\t\t\t\t<div class=\"wf-cell shown\">\n\t\t\t\t\t\t<div class=\"the7-image-box-wrapper the7-box-wrapper the7-elementor-widget\">\t\t\t\t\t\t\t<div class=\"box-content-wrapper\">\n\n\t\t\t\t\t\t\t\t\t\t\t\t\t\t\t\t<div class=\"box-content\">\n\t\t\t\t\t\t\t\t\t<h4 class=\"box-heading\"><a >Choisir les objectifs<\/a><\/h4><div class=\"box-description\">Cr\u00e9er un engouement pour un produit, d\u00e9velopper la notori\u00e9t\u00e9 d'une marque, fid\u00e9liser la client\u00e8le existante ...<\/div>\t\t\t\t\t\t\t\t<\/div>\n\t\t\t\t\t\t\t<\/div>\n\t\t\t\t\t\t<\/div>\t\t\t\t\t<\/div>\n\t\t\t\t\t\t\t\t\t\t<div class=\"wf-cell shown\">\n\t\t\t\t\t\t<div class=\"the7-image-box-wrapper the7-box-wrapper the7-elementor-widget\">\t\t\t\t\t\t\t<div class=\"box-content-wrapper\">\n\n\t\t\t\t\t\t\t\t\t\t\t\t\t\t\t\t<div class=\"box-content\">\n\t\t\t\t\t\t\t\t\t<h4 class=\"box-heading\"><a >D\u00e9finir clairement une cible\u200b<\/a><\/h4><div class=\"box-description\">Quelles audiences devront \u00eatre cibl\u00e9es en priorit\u00e9? Quelle est la pertinence de cette audience par rapports aux objectifs ...<\/div>\t\t\t\t\t\t\t\t<\/div>\n\t\t\t\t\t\t\t<\/div>\n\t\t\t\t\t\t<\/div>\t\t\t\t\t<\/div>\n\t\t\t\t\t\t\t\t\t\t<div class=\"wf-cell shown\">\n\t\t\t\t\t\t<div class=\"the7-image-box-wrapper the7-box-wrapper the7-elementor-widget\">\t\t\t\t\t\t\t<div class=\"box-content-wrapper\">\n\n\t\t\t\t\t\t\t\t\t\t\t\t\t\t\t\t<div class=\"box-content\">\n\t\t\t\t\t\t\t\t\t<h4 class=\"box-heading\"><a >Coh\u00e9rence des canaux\u200b<\/a><\/h4><div class=\"box-description\">Les canaux de communications envisag\u00e9s sont-ils en ad\u00e9quation avec l'audience cibl\u00e9e et les objectifs attendus ?<\/div>\t\t\t\t\t\t\t\t<\/div>\n\t\t\t\t\t\t\t<\/div>\n\t\t\t\t\t\t<\/div>\t\t\t\t\t<\/div>\n\t\t\t\t\t\t\t\t\t\t<div class=\"wf-cell shown\">\n\t\t\t\t\t\t<div class=\"the7-image-box-wrapper the7-box-wrapper the7-elementor-widget\">\t\t\t\t\t\t\t<div class=\"box-content-wrapper\">\n\n\t\t\t\t\t\t\t\t\t\t\t\t\t\t\t\t<div class=\"box-content\">\n\t\t\t\t\t\t\t\t\t<h4 class=\"box-heading\"><a >Bilan et ROI<\/a><\/h4><div class=\"box-description\">Bilan de l'op\u00e9ration. Les objectifs ont-ils \u00e9t\u00e9 atteints ? La campagne a-t-elle re\u00e7u un \u00e9cho favorable de la part de l'audience cible ? ...<\/div>\t\t\t\t\t\t\t\t<\/div>\n\t\t\t\t\t\t\t<\/div>\n\t\t\t\t\t\t<\/div>\t\t\t\t\t<\/div>\n\t\t\t\t\t\t\t\t<\/div>\n\t\t\t<\/div>\t\t<\/div>\n\t\t\t\t<\/div>\n\t\t\t\t\t<\/div>\n\t\t<\/div>\n\t\t\t\t\t\t\t<\/div>\n\t\t<\/section>\n\t\t\t\t<section class=\"elementor-section elementor-top-section elementor-element elementor-element-65950148 elementor-section-content-middle elementor-section-boxed elementor-section-height-default elementor-section-height-default\" data-id=\"65950148\" data-element_type=\"section\" data-settings=\"{&quot;background_background&quot;:&quot;classic&quot;}\">\n\t\t\t\t\t\t\t<div class=\"elementor-background-overlay\"><\/div>\n\t\t\t\t\t\t\t<div class=\"elementor-container elementor-column-gap-wider\">\n\t\t\t\t\t<div class=\"elementor-column elementor-col-100 elementor-top-column elementor-element elementor-element-3f02faab\" data-id=\"3f02faab\" data-element_type=\"column\">\n\t\t\t<div class=\"elementor-widget-wrap elementor-element-populated\">\n\t\t\t\t\t\t\t\t<section class=\"elementor-section elementor-inner-section elementor-element elementor-element-19750acd elementor-section-content-middle elementor-section-boxed elementor-section-height-default elementor-section-height-default\" data-id=\"19750acd\" data-element_type=\"section\">\n\t\t\t\t\t\t<div class=\"elementor-container elementor-column-gap-no\">\n\t\t\t\t\t<div class=\"elementor-column elementor-col-50 elementor-inner-column elementor-element elementor-element-5cd6d482\" data-id=\"5cd6d482\" data-element_type=\"column\">\n\t\t\t<div class=\"elementor-widget-wrap elementor-element-populated\">\n\t\t\t\t\t\t\t\t<div class=\"elementor-element elementor-element-5210c161 content-align-center icon-box-vertical-align-center icon-vertical-align-center elementor-invisible elementor-widget elementor-widget-the7_image_box_widget\" data-id=\"5210c161\" data-element_type=\"widget\" data-settings=\"{&quot;_animation&quot;:&quot;slideInLeft&quot;}\" data-widget_type=\"the7_image_box_widget.default\">\n\t\t\t\t<div class=\"elementor-widget-container\">\n\t\t\t\n\t\t<div class=\"the7-box-wrapper the7-elementor-widget the7_image_box_widget-5210c161\">\t\t\t<div class=\"box-content-wrapper\">\n\t\t\t\t\t\t\t\t<div class=\"elementor-image-div \">\n\t\t\t\t\t<a class=\"post-thumbnail-rollover layzr-bg img-css-resize-wrapper\" ><img width=\"150\" height=\"150\" src=\"data:image\/svg+xml,%3Csvg%20xmlns%3D&#039;http%3A%2F%2Fwww.w3.org%2F2000%2Fsvg&#039;%20viewBox%3D&#039;0%200%20150%20150&#039;%2F%3E\" class=\"attachment-thumbnail size-thumbnail preload-me aspect lazy lazy-load\" alt=\"\" decoding=\"async\" loading=\"eager\" sizes=\"(max-width: 150px) 100vw, 150px\" style=\"--ratio: 150 \/ 150;\" data-src=\"https:\/\/iatechnologies.ad\/wp-content\/uploads\/2023\/07\/cropped-iatech_logo4Fichier-150x150.png\" data-srcset=\"https:\/\/iatechnologies.ad\/wp-content\/uploads\/2023\/07\/cropped-iatech_logo4Fichier-150x150.png 150w, https:\/\/iatechnologies.ad\/wp-content\/uploads\/2023\/07\/cropped-iatech_logo4Fichier-300x300.png 300w, https:\/\/iatechnologies.ad\/wp-content\/uploads\/2023\/07\/cropped-iatech_logo4Fichier-270x270.png 270w, https:\/\/iatechnologies.ad\/wp-content\/uploads\/2023\/07\/cropped-iatech_logo4Fichier-192x192.png 192w, https:\/\/iatechnologies.ad\/wp-content\/uploads\/2023\/07\/cropped-iatech_logo4Fichier-180x180.png 180w, https:\/\/iatechnologies.ad\/wp-content\/uploads\/2023\/07\/cropped-iatech_logo4Fichier-32x32.png 32w, https:\/\/iatechnologies.ad\/wp-content\/uploads\/2023\/07\/cropped-iatech_logo4Fichier.png 512w\" \/><span class=\"the7-hover-icon\"><\/span><\/a>\t\t\t\t<\/div>\n\t\t\t\t\n\t\t\t\t<div class=\"box-content\">\n\t\t\t\t\t<div class=\"box-heading\"><a >Web &amp; Music<\/a><\/div><div class=\"box-description\">Un projet ?  Des besoins sp\u00e9cifiques ? Notre \u00e9quipe est \u00e0 votre disposition pour vous accompagner sur tous les aspects de vos projets web. N'h\u00e9sitez pas \u00e0 nous contacter.<\/div>\t\t\t\t<\/div>\n\t\t\t<\/div>\n\t\t<\/div>\t\t<\/div>\n\t\t\t\t<\/div>\n\t\t\t\t\t<\/div>\n\t\t<\/div>\n\t\t\t\t<div class=\"elementor-column elementor-col-50 elementor-inner-column elementor-element elementor-element-2d73dbdf\" data-id=\"2d73dbdf\" data-element_type=\"column\">\n\t\t\t<div class=\"elementor-widget-wrap elementor-element-populated\">\n\t\t\t\t\t\t\t\t<div class=\"elementor-element elementor-element-5e084795 elementor-invisible elementor-widget elementor-widget-ucaddon_contact_form_7\" data-id=\"5e084795\" data-element_type=\"widget\" data-settings=\"{&quot;_animation&quot;:&quot;slideInRight&quot;}\" data-widget_type=\"ucaddon_contact_form_7.default\">\n\t\t\t\t<div class=\"elementor-widget-container\">\n\t\t\t<!-- start Contact Form 7 -->\n\t\t\t<style type=\"text\/css\">\/* widget: Contact Form 7 *\/\n\n#uc_contact_form_7_elementor_5e084795 {\n  display: flex;  \n  flex-direction: column;\n}\n#uc_contact_form_7_elementor_5e084795 .wpcf7-list-item {\n    margin: 0 0 0 8px;\n}\n\n#uc_contact_form_7_elementor_5e084795 .wpcf7-form p:has(.wpcf7-submit){\n  display:flex;\n  flex-wrap: wrap;\n}\n\n#uc_contact_form_7_elementor_5e084795 .ue_contact_form_7 label{\n  display: block;\n}\n\n#uc_contact_form_7_elementor_5e084795 .wpcf7-checkbox, #uc_contact_form_7_elementor_5e084795 .wpcf7-radio{\n  display:flex;\n  flex-wrap: wrap;\n}\n\n#uc_contact_form_7_elementor_5e084795 .wpcf7-form-control-wrap{\n  display:flex;\n  width:100%;\n  flex-wrap: wrap;\n}\n\n\n\n\n.ue_contact_form_7 p > label{\n  line-height: inherit;\n}\n\n<\/style>\n\n\t\t\t<div id=\"uc_contact_form_7_elementor_5e084795\" class=\"ue_contact_form_7\">\n  <div class=\"ue_form_wrapper\">\n            \n    \n<div class=\"wpcf7 no-js\" id=\"wpcf7-f83-o1\" lang=\"fr-FR\" dir=\"ltr\">\n<div class=\"screen-reader-response\"><p role=\"status\" aria-live=\"polite\" aria-atomic=\"true\"><\/p> <ul><\/ul><\/div>\n<form action=\"\/fr\/wp-json\/wp\/v2\/pages\/10123#wpcf7-f83-o1\" method=\"post\" class=\"wpcf7-form init\" aria-label=\"Formulaire de contact\" novalidate=\"novalidate\" data-status=\"init\">\n<div style=\"display: none;\">\n<input type=\"hidden\" name=\"_wpcf7\" value=\"83\" \/>\n<input type=\"hidden\" name=\"_wpcf7_version\" value=\"5.8\" \/>\n<input type=\"hidden\" name=\"_wpcf7_locale\" value=\"fr_FR\" \/>\n<input type=\"hidden\" name=\"_wpcf7_unit_tag\" value=\"wpcf7-f83-o1\" \/>\n<input type=\"hidden\" name=\"_wpcf7_container_post\" value=\"0\" \/>\n<input type=\"hidden\" name=\"_wpcf7_posted_data_hash\" value=\"\" \/>\n<input type=\"hidden\" name=\"_wpcf7_recaptcha_response\" value=\"\" \/>\n<\/div>\n<p><label> Votre nom<br \/>\n<span class=\"wpcf7-form-control-wrap\" data-name=\"your-name\"><input size=\"40\" class=\"wpcf7-form-control wpcf7-text wpcf7-validates-as-required\" autocomplete=\"name\" aria-required=\"true\" aria-invalid=\"false\" value=\"\" type=\"text\" name=\"your-name\" \/><\/span> <\/label>\n<\/p>\n<p><label> Votre e-mail<br \/>\n<span class=\"wpcf7-form-control-wrap\" data-name=\"your-email\"><input size=\"40\" class=\"wpcf7-form-control wpcf7-email wpcf7-validates-as-required wpcf7-text wpcf7-validates-as-email\" autocomplete=\"email\" aria-required=\"true\" aria-invalid=\"false\" value=\"\" type=\"email\" name=\"your-email\" \/><\/span> <\/label>\n<\/p>\n<p><label> Votre message (facultatif)<br \/>\n<span class=\"wpcf7-form-control-wrap\" data-name=\"your-message\"><textarea cols=\"10\" rows=\"5\" class=\"wpcf7-form-control wpcf7-textarea wpcf7-validates-as-required\" aria-required=\"true\" aria-invalid=\"false\" name=\"your-message\"><\/textarea><\/span> <\/label>\n<\/p>\n<p><input class=\"wpcf7-form-control wpcf7-submit has-spinner\" type=\"submit\" value=\"Envoyer\" \/>\n<\/p><div class=\"wpcf7-response-output\" aria-hidden=\"true\"><\/div>\n<\/form>\n<\/div>\n    \n  <\/div>\n<\/div>\n\t\t\t<!-- end Contact Form 7 -->\t\t<\/div>\n\t\t\t\t<\/div>\n\t\t\t\t\t<\/div>\n\t\t<\/div>\n\t\t\t\t\t\t\t<\/div>\n\t\t<\/section>\n\t\t\t\t\t<\/div>\n\t\t<\/div>\n\t\t\t\t\t\t\t<\/div>\n\t\t<\/section>\n\t\t\t\t\t\t\t<\/div>\n\t\t","protected":false},"excerpt":{"rendered":"<p>Promotion multi-canal de votre projet et strat\u00e9gie marketing: Engagement et fid\u00e9lisation, Gain de notori\u00e9t\u00e9, acquisition de nouveaux clients &#8230;<\/p>\n","protected":false},"author":1,"featured_media":9898,"parent":9981,"menu_order":0,"comment_status":"closed","ping_status":"closed","template":"","meta":[],"acf":[],"_links":{"self":[{"href":"https:\/\/iatechnologies.ad\/fr\/wp-json\/wp\/v2\/pages\/10123"}],"collection":[{"href":"https:\/\/iatechnologies.ad\/fr\/wp-json\/wp\/v2\/pages"}],"about":[{"href":"https:\/\/iatechnologies.ad\/fr\/wp-json\/wp\/v2\/types\/page"}],"author":[{"embeddable":true,"href":"https:\/\/iatechnologies.ad\/fr\/wp-json\/wp\/v2\/users\/1"}],"replies":[{"embeddable":true,"href":"https:\/\/iatechnologies.ad\/fr\/wp-json\/wp\/v2\/comments?post=10123"}],"version-history":[{"count":100,"href":"https:\/\/iatechnologies.ad\/fr\/wp-json\/wp\/v2\/pages\/10123\/revisions"}],"predecessor-version":[{"id":11218,"href":"https:\/\/iatechnologies.ad\/fr\/wp-json\/wp\/v2\/pages\/10123\/revisions\/11218"}],"up":[{"embeddable":true,"href":"https:\/\/iatechnologies.ad\/fr\/wp-json\/wp\/v2\/pages\/9981"}],"wp:featuredmedia":[{"embeddable":true,"href":"https:\/\/iatechnologies.ad\/fr\/wp-json\/wp\/v2\/media\/9898"}],"wp:attachment":[{"href":"https:\/\/iatechnologies.ad\/fr\/wp-json\/wp\/v2\/media?parent=10123"}],"curies":[{"name":"wp","href":"https:\/\/api.w.org\/{rel}","templated":true}]}}