{"id":11365,"date":"2021-10-01T13:01:38","date_gmt":"2021-10-01T11:01:38","guid":{"rendered":"https:\/\/iatechnologies.ad\/notas-legales\/"},"modified":"2023-08-03T11:20:15","modified_gmt":"2023-08-03T09:20:15","slug":"notas-legales","status":"publish","type":"page","link":"https:\/\/iatechnologies.ad\/es\/notas-legales\/","title":{"rendered":"Notas legales"},"content":{"rendered":"\t\t<div data-elementor-type=\"wp-page\" data-elementor-id=\"11365\" class=\"elementor elementor-11365 elementor-5475\" data-elementor-post-type=\"page\">\n\t\t\t\t\t\t\t\t\t<section class=\"elementor-section elementor-top-section elementor-element elementor-element-bc2d4d5 elementor-section-boxed elementor-section-height-default elementor-section-height-default\" data-id=\"bc2d4d5\" data-element_type=\"section\">\n\t\t\t\t\t\t<div class=\"elementor-container elementor-column-gap-default\">\n\t\t\t\t\t<div class=\"elementor-column elementor-col-100 elementor-top-column elementor-element elementor-element-b304e6e\" data-id=\"b304e6e\" data-element_type=\"column\">\n\t\t\t<div class=\"elementor-widget-wrap elementor-element-populated\">\n\t\t\t\t\t\t\t\t<div class=\"elementor-element elementor-element-2befad2 elementor-widget elementor-widget-text-editor\" data-id=\"2befad2\" data-element_type=\"widget\" data-widget_type=\"text-editor.default\">\n\t\t\t\t<div class=\"elementor-widget-container\">\n\t\t\t\t\t\t\t<h2>1 &#8211; Editando el sitio<\/h2>\n<p>Se especifica a los usuarios del sitio web&nbsp;<strong>https:\/\/iatechnologies.ad<\/strong>&nbsp;la identidad de los diversos actores en el contexto de su implementaci\u00f3n y seguimiento:<\/p>\n<p><strong>Propri\u00e9taire du site :&nbsp;<\/strong>IaTechnologies SLU&nbsp;&#8211; Contacto :&nbsp;<a href=\"https:\/\/iatechnologies.ad\/es\/contactar\/\" data-type=\"page\" data-id=\"9987\">formulaire de contact<\/a>&nbsp;&#8211; Direcci\u00f3n :&nbsp;Av. Princep Benlloch 26-30, Ed. Clara Rabassa, 2a planta.&nbsp;AD500 Andorra la Vella &#8211; Andorra&nbsp;<\/p>\n<p><strong>Identification de l&#8217;entreprise :<\/strong>&nbsp;IaTechnologies SLU&nbsp;al capital social de 3000\u20ac &#8211; NRT :&nbsp;L-714614-N &#8211; Direcci\u00f3n postal :&nbsp;<span style=\"background-color: rgba(255, 255, 255, 0); color: var(--the7-base-color); letter-spacing: var(--the7-base-letter-spacing); text-transform: var(--the7-base-text-transform); word-spacing: normal;\">Av. Princep Benlloch 26-30, Ed. Clara Rabassa, 2a planta.&nbsp;AD500 Andorra la Vella &#8211; Andorra&nbsp;<\/span><\/p>\n<p><strong>Directeur de la publication :&nbsp;<\/strong>IaTechnologies SLU &#8211; Contacto :&nbsp;<a href=\"https:\/\/iatechnologies.ad\/es\/contactar\/\" data-type=\"page\" data-id=\"9987\">formulaire de contact<\/a><\/p>\n<p><strong>H\u00e9bergeur :<\/strong>&nbsp;EuroDns&nbsp;24 Rue L\u00e9on Laval, 3372 Leudelange, Luxembourg&nbsp;+352 26 37 25 20 0<\/p>\n<p><strong>D\u00e9l\u00e9gu\u00e9 \u00e0 la protection des donn\u00e9es :&nbsp;<\/strong>IaTechnologies SLU&nbsp;&#8211;&nbsp;<a href=\"https:\/\/iatechnologies.ad\/es\/contactar\/\" data-type=\"page\" data-id=\"9987\">formulario de contacto<\/a><\/p>\n<p><\/p>\n<h2><span style=\"color: var(--the7-h2-color); letter-spacing: var(--the7-h2-letter-spacing); text-transform: var(--the7-h2-text-transform); word-spacing: var(--the7-h2-word-spacing); background-color: rgba(255, 255, 255, 0);\">2 &#8211; Propiedad intelectual y falsificaciones.<\/span><\/h2>\n<p><strong>IaTechnologies SLU<\/strong>&nbsp;es titular de los derechos de propiedad intelectual y ostenta los derechos de explotaci\u00f3n sobre todos los elementos accesibles en el sitio web, en especial los textos, im\u00e1genes, gr\u00e1ficos, logos, v\u00eddeos, arquitectura, iconos y sonidos, a excepci\u00f3n de determinadas im\u00e1genes de&nbsp;<a href=\"https:\/\/pixabay.com\/\" target=\"_blank\" rel=\"noopener\">https:\/\/pixabay.com\/,<\/a> iconos de FontAwesome y&nbsp;<a href=\"https:\/\/www.flaticon.com\/\" target=\"_blank\" rel=\"noopener\">https:\/\/www.flaticon.com\/<\/a><\/p>\n<p>Queda prohibida cualquier reproducci\u00f3n, representaci\u00f3n, modificaci\u00f3n, publicaci\u00f3n, adaptaci\u00f3n de todo o parte de los elementos del sitio, cualquiera que sea el medio o procedimiento utilizado, salvo autorizaci\u00f3n previa por escrito de&nbsp;<strong>IaTechnologies SLU<\/strong>.<\/p>\n<p>Cualquier uso no autorizado del sitio o de cualquiera de los elementos que contiene ser\u00e1 considerado como una infracci\u00f3n.<\/p>\n<h2>3 &#8211; Limitaci\u00f3n de Responsabilidad.<\/h2>\n<p><strong>IaTechnologies SLU<\/strong>&nbsp;no se hace responsable de los da\u00f1os directos e indirectos causados \u200b\u200ben el equipo del usuario al acceder al sitio&nbsp;<strong>https:\/\/iatechnologies.ad<\/strong>.<\/p>\n<p><strong>IaTechnologies SLU<\/strong>&nbsp;declina toda responsabilidad por el uso que pueda hacerse de la informaci\u00f3n y contenidos presentes en&nbsp;<strong>https:\/\/iatechnologies.ad<\/strong>.<\/p>\n<p><strong>IaTechnologies SLU<\/strong>&nbsp;se compromete a asegurar el sitio lo mejor posible&nbsp;<strong>https:\/\/iatechnologies.ad<\/strong>, sin embargo, su responsabilidad no puede cuestionarse si se importan e instalan datos no deseados en su sitio sin su conocimiento.<\/p>\n<p>Los espacios interactivos (espacio de contacto o comentarios) est\u00e1n a disposici\u00f3n de los usuarios.&nbsp;<strong>IaTechnologies SLU<\/strong>&nbsp;se reserva el derecho a eliminar, sin previo aviso, cualquier contenido publicado en este espacio que contravenga la legislaci\u00f3n aplicable en Andorra, en particular las disposiciones relativas a la protecci\u00f3n de datos.<\/p>\n<p>Llegado el caso,&nbsp;<strong>IaTechnologies SLU<\/strong>&nbsp;tambi\u00e9n se reserva el derecho a cuestionar la responsabilidad civil y\/o penal del usuario, en particular en caso de mensaje racista, injurioso, difamatorio o pornogr\u00e1fico, independientemente del medio utilizado (texto, fotograf\u00eda, etc.).<\/p>\n<h2>4 &#8211; Gesti\u00f3n de datos personales.<\/h2>\n<p>El usuario del sitio&nbsp;<strong>https:\/\/iatechnologies.ad<\/strong>&nbsp;tiene derecho a acceder, modificar y suprimir la informaci\u00f3n recogida. Para ejercer este derecho, env\u00ede un mensaje a nuestro Delegado de Protecci\u00f3n de Datos:&nbsp;<strong>IaTechnologies SLU<\/strong>&nbsp;&#8211;&nbsp;<strong><a href=\"https:\/\/iatechnologies.ad\/es\/contactar\/\" data-type=\"page\" data-id=\"9987\">formulario de contacto<\/a><\/strong><\/p>\n<p>Para m\u00e1s informaci\u00f3n sobre c\u00f3mo tratamos tus datos (tipo de datos, finalidad, destinatario&#8230;), lee nuestro<a href=\"https:\/\/iatechnologies.ad\/es\/politica-de-confidencialidad\/\" data-type=\"page\" data-id=\"8787\"> pol\u00edtica de confidencialidad<\/a>.<\/p>\n<h2>5 &#8211; Enlaces de hipertexto y cookies<\/h2>\n<p>El sitio&nbsp;<strong>https:\/\/iatechnologies.ad<\/strong>&nbsp;contiene enlaces de hipertexto a otros sitios y se exime de cualquier responsabilidad por estos enlaces externos o enlaces creados por otros sitios a&nbsp;<strong>https:\/\/iatechnologies.ad<\/strong>.<\/p>\n<p>Navegaci\u00f3n del sitio&nbsp;<strong>https:\/\/iatechnologies.ad<\/strong>&nbsp;es probable que provoque la instalaci\u00f3n de cookie(s) en el ordenador del usuario.<\/p>\n<p>Una \u00abcookie\u00bb es un peque\u00f1o archivo que registra informaci\u00f3n relacionada con la navegaci\u00f3n de un usuario en un sitio. Los datos as\u00ed obtenidos permiten obtener medidas de asistencia, por ejemplo.<\/p>\n<p>tienes la posibilidad&nbsp;<strong>d\u2019accepter ou de refuser les cookies<\/strong>&nbsp;cambiando la configuraci\u00f3n de su navegador.&nbsp;<\/p>\n<p>Las cookies se almacenan durante un per\u00edodo m\u00e1ximo de&nbsp;13&nbsp;meses.<\/p>\n<p>Para obtener m\u00e1s informaci\u00f3n sobre c\u00f3mo usamos las cookies, lea nuestro <a href=\"https:\/\/iatechnologies.ad\/es\/politica-de-confidencialidad\/\" data-type=\"page\" data-id=\"8787\">pol\u00edtica de confidencialidad<\/a>.&nbsp;<\/p>\n<h2>6 &#8211; Ley aplicable y atribuci\u00f3n de jurisdicci\u00f3n.<\/h2>\n<p><\/p>\n<p>Cualquier disputa en relaci\u00f3n con el uso del sitio&nbsp;<strong>https:\/\/iatechnologies.ad<\/strong>&nbsp;est\u00e1 sujeta a la ley andorrana. Salvo en los casos en que la ley no lo permita, corresponde competencia exclusiva a los tribunales competentes de&nbsp;<strong>Andorra-la-vella<\/strong><\/p>\n<p><\/p>\t\t\t\t\t\t<\/div>\n\t\t\t\t<\/div>\n\t\t\t\t\t<\/div>\n\t\t<\/div>\n\t\t\t\t\t\t\t<\/div>\n\t\t<\/section>\n\t\t\t\t\t\t\t<\/div>\n\t\t","protected":false},"excerpt":{"rendered":"<p>1 &#8211; Editando el sitio Se especifica a los usuarios del sitio web&nbsp;https:\/\/iatechnologies.ad&nbsp;la identidad de los diversos actores en el contexto de su implementaci\u00f3n y seguimiento: Propri\u00e9taire du site :&nbsp;IaTechnologies SLU&nbsp;&#8211; Contacto :&nbsp;formulaire de contact&nbsp;&#8211; Direcci\u00f3n :&nbsp;Av. Princep Benlloch 26-30, Ed. Clara Rabassa, 2a planta.&nbsp;AD500 Andorra la Vella &#8211; Andorra&nbsp; Identification de l&#8217;entreprise :&nbsp;IaTechnologies SLU&nbsp;al&hellip;<\/p>\n","protected":false},"author":1,"featured_media":0,"parent":0,"menu_order":800,"comment_status":"closed","ping_status":"closed","template":"","meta":[],"acf":[],"_links":{"self":[{"href":"https:\/\/iatechnologies.ad\/es\/wp-json\/wp\/v2\/pages\/11365"}],"collection":[{"href":"https:\/\/iatechnologies.ad\/es\/wp-json\/wp\/v2\/pages"}],"about":[{"href":"https:\/\/iatechnologies.ad\/es\/wp-json\/wp\/v2\/types\/page"}],"author":[{"embeddable":true,"href":"https:\/\/iatechnologies.ad\/es\/wp-json\/wp\/v2\/users\/1"}],"replies":[{"embeddable":true,"href":"https:\/\/iatechnologies.ad\/es\/wp-json\/wp\/v2\/comments?post=11365"}],"version-history":[{"count":1,"href":"https:\/\/iatechnologies.ad\/es\/wp-json\/wp\/v2\/pages\/11365\/revisions"}],"predecessor-version":[{"id":11366,"href":"https:\/\/iatechnologies.ad\/es\/wp-json\/wp\/v2\/pages\/11365\/revisions\/11366"}],"wp:attachment":[{"href":"https:\/\/iatechnologies.ad\/es\/wp-json\/wp\/v2\/media?parent=11365"}],"curies":[{"name":"wp","href":"https:\/\/api.w.org\/{rel}","templated":true}]}}